{"id":122,"date":"2015-08-10T11:12:26","date_gmt":"2015-08-10T11:12:26","guid":{"rendered":"http:\/\/wpdemos.themezaa.com\/h-code\/maintenance-page\/"},"modified":"2022-12-20T14:18:32","modified_gmt":"2022-12-20T13:18:32","slug":"maintenance-page","status":"publish","type":"page","link":"http:\/\/wg-logistique.fr\/","title":{"rendered":"Maintenance Page"},"content":{"rendered":"<section  class=\" fill full-screen xs-no-background no-padding\"  style=\" background-image: url(http:\/\/wg-logistique.fr\/wp-content\/uploads\/2022\/07\/milad-fakurian-GJKx5lhwU3M-unsplash-scaled.jpg); \"><div class=\"container\"><div class=\"row\"><div class=\"wpb_column vc_column_container col-md-10 col-xs-11 col-sm-12 text-center center-col margin-ten-top\"><div class=\"vc-column-innner-wrapper\"><img src=\"http:\/\/wg-logistique.fr\/wp-content\/uploads\/2020\/11\/LOGO-HEADER_Plan-de-travail-1.png\" width=\"150\" height=\"48\"  alt=\"\"groupe SENGES\"\"><\/div><\/div><div class=\"wpb_column vc_column_container col-md-10 col-xs-11 col-sm-12 text-center center-col margin-five\"><div class=\"vc-column-innner-wrapper\"><h1 class=\"section-title  black-text no-padding\" >La refonte du site est en cours...<\/h1><p class=\"coming-soon-title text-uppercase margin-one\">Merci de revenir plus tard !<\/p>\n<\/div><\/div><div class=\"wpb_column vc_column_container col-md-4 col-xs-12 col-sm-4 text-center\"><div class=\"vc-column-innner-wrapper\"><div  class=\"features-box-style1\"><i class=\"icon-paintbrush medium-icon\" ><\/i><h5 class=\" margin-bottom-15px xs-margin-bottom-10px\" >Pourquoi ne puis-je pas acc\u00e9der au site ?<\/h5><div class=\"no-margin\"><p class=\"width-80 center-col\">Actuellement, nous sommes en train de faire tout notre possible pour am\u00e9liorer le site internet du Groupe SENGES. Nous avons h\u00e2te de vous montrer la nouvelle version !<\/p>\n<\/div><\/div><\/div><\/div><div class=\"wpb_column vc_column_container col-md-4 col-xs-12 col-sm-4 text-center\"><div class=\"vc-column-innner-wrapper\"><div  class=\"features-box-style1\"><i class=\"icon-clock medium-icon\" ><\/i><h5 class=\" margin-bottom-15px xs-margin-bottom-10px\" >Quand sera-t-il disponible ?<\/h5><div class=\"no-margin\"><p class=\"width-80 center-col\">La nouvelle version du site sortira bient\u00f4t !<\/p>\n<\/div><\/div><\/div><\/div><div class=\"wpb_column vc_column_container col-md-4 col-xs-12 col-sm-4 text-center\"><div class=\"vc-column-innner-wrapper\"><div  class=\"features-box-style1\"><i class=\"icon-envelope medium-icon\" ><\/i><h5 class=\" margin-bottom-15px xs-margin-bottom-10px\" >Et en attendant ?<\/h5><div class=\"no-margin\"><p class=\"width-80 center-col\">Suivez-nous sur <a href=\"https:\/\/www.linkedin.com\/company\/42885509\/\" target=\"_blank\" rel=\"noopener\"><strong>notre page LinkedIn<\/strong><\/a> ou contactez-nous sur <a href=\"mailto:contact@transports-senges.fr\"><strong>contact@transports-senges.fr<\/strong><\/a><\/p>\n<\/div><\/div><\/div><\/div><\/div><\/div><\/section>","protected":false},"excerpt":{"rendered":"<p>La refonte du site est en cours&#8230;Merci de revenir plus tard ! Pourquoi ne puis-je pas acc\u00e9der au site ?Actuellement, nous sommes en train de faire tout notre possible pour am\u00e9liorer le site internet du Groupe SENGES. Nous avons h\u00e2te de vous montrer la nouvelle version ! Quand sera-t-il disponible ?La nouvelle version du site [&hellip;]<\/p>\n","protected":false},"author":1,"featured_media":17576,"parent":0,"menu_order":0,"comment_status":"open","ping_status":"open","template":"","meta":[],"yoast_head":"<!-- This site is optimized with the Yoast SEO plugin v19.3 - https:\/\/yoast.com\/wordpress\/plugins\/seo\/ -->\n<title>Maintenance Page - Groupe SENGES<\/title>\n<meta name=\"robots\" content=\"index, follow, max-snippet:-1, max-image-preview:large, max-video-preview:-1\" \/>\n<link rel=\"canonical\" href=\"https:\/\/wg-logistique.fr\/\" \/>\n<meta property=\"og:locale\" content=\"fr_FR\" \/>\n<meta property=\"og:type\" content=\"article\" \/>\n<meta property=\"og:title\" content=\"Maintenance Page - Groupe SENGES\" \/>\n<meta property=\"og:description\" content=\"La refonte du site est en cours...Merci de revenir plus tard ! Pourquoi ne puis-je pas acc\u00e9der au site ?Actuellement, nous sommes en train de faire tout notre possible pour am\u00e9liorer le site internet du Groupe SENGES. Nous avons h\u00e2te de vous montrer la nouvelle version ! Quand sera-t-il disponible ?La nouvelle version du site [&hellip;]\" \/>\n<meta property=\"og:url\" content=\"https:\/\/wg-logistique.fr\/\" \/>\n<meta property=\"og:site_name\" content=\"Groupe SENGES\" \/>\n<meta property=\"article:modified_time\" content=\"2022-12-20T13:18:32+00:00\" \/>\n<meta property=\"og:image\" content=\"https:\/\/wg-logistique.fr\/wp-content\/uploads\/2022\/07\/milad-fakurian-GJKx5lhwU3M-unsplash-scaled.jpg\" \/>\n\t<meta property=\"og:image:width\" content=\"2560\" \/>\n\t<meta property=\"og:image:height\" content=\"1920\" \/>\n\t<meta property=\"og:image:type\" content=\"image\/jpeg\" \/>\n<meta name=\"twitter:card\" content=\"summary_large_image\" \/>\n<meta name=\"twitter:label1\" content=\"Dur\u00e9e de lecture estim\u00e9e\" \/>\n\t<meta name=\"twitter:data1\" content=\"1 minute\" \/>\n<script type=\"application\/ld+json\" class=\"yoast-schema-graph\">{\"@context\":\"https:\/\/schema.org\",\"@graph\":[{\"@type\":\"Organization\",\"@id\":\"http:\/\/wg-logistique.fr\/#organization\",\"name\":\"Groupe SENGES\",\"url\":\"http:\/\/wg-logistique.fr\/\",\"sameAs\":[\"https:\/\/www.linkedin.com\/company\/42885509\/\"],\"logo\":{\"@type\":\"ImageObject\",\"inLanguage\":\"fr-FR\",\"@id\":\"http:\/\/wg-logistique.fr\/#\/schema\/logo\/image\/\",\"url\":\"http:\/\/wg-logistique.fr\/wp-content\/uploads\/2020\/11\/LOGO-HEADER_Plan-de-travail-1.png\",\"contentUrl\":\"http:\/\/wg-logistique.fr\/wp-content\/uploads\/2020\/11\/LOGO-HEADER_Plan-de-travail-1.png\",\"width\":150,\"height\":48,\"caption\":\"Groupe SENGES\"},\"image\":{\"@id\":\"http:\/\/wg-logistique.fr\/#\/schema\/logo\/image\/\"}},{\"@type\":\"WebSite\",\"@id\":\"http:\/\/wg-logistique.fr\/#website\",\"url\":\"http:\/\/wg-logistique.fr\/\",\"name\":\"Groupe SENGES\",\"description\":\"WG Logistique\",\"publisher\":{\"@id\":\"http:\/\/wg-logistique.fr\/#organization\"},\"potentialAction\":[{\"@type\":\"SearchAction\",\"target\":{\"@type\":\"EntryPoint\",\"urlTemplate\":\"http:\/\/wg-logistique.fr\/?s={search_term_string}\"},\"query-input\":\"required name=search_term_string\"}],\"inLanguage\":\"fr-FR\"},{\"@type\":\"ImageObject\",\"inLanguage\":\"fr-FR\",\"@id\":\"https:\/\/wg-logistique.fr\/#primaryimage\",\"url\":\"http:\/\/wg-logistique.fr\/wp-content\/uploads\/2022\/07\/milad-fakurian-GJKx5lhwU3M-unsplash-scaled.jpg\",\"contentUrl\":\"http:\/\/wg-logistique.fr\/wp-content\/uploads\/2022\/07\/milad-fakurian-GJKx5lhwU3M-unsplash-scaled.jpg\",\"width\":2560,\"height\":1920,\"caption\":\"\\\"SENGES\\\"\"},{\"@type\":\"WebPage\",\"@id\":\"https:\/\/wg-logistique.fr\/\",\"url\":\"https:\/\/wg-logistique.fr\/\",\"name\":\"Maintenance Page - Groupe SENGES\",\"isPartOf\":{\"@id\":\"http:\/\/wg-logistique.fr\/#website\"},\"primaryImageOfPage\":{\"@id\":\"https:\/\/wg-logistique.fr\/#primaryimage\"},\"datePublished\":\"2015-08-10T11:12:26+00:00\",\"dateModified\":\"2022-12-20T13:18:32+00:00\",\"breadcrumb\":{\"@id\":\"https:\/\/wg-logistique.fr\/#breadcrumb\"},\"inLanguage\":\"fr-FR\",\"potentialAction\":[{\"@type\":\"ReadAction\",\"target\":[\"https:\/\/wg-logistique.fr\/\"]}]},{\"@type\":\"BreadcrumbList\",\"@id\":\"https:\/\/wg-logistique.fr\/#breadcrumb\",\"itemListElement\":[{\"@type\":\"ListItem\",\"position\":1,\"name\":\"Accueil\",\"item\":\"https:\/\/wg-logistique.fr\/\"},{\"@type\":\"ListItem\",\"position\":2,\"name\":\"Maintenance Page\"}]}]}<\/script>\n<!-- \/ Yoast SEO plugin. -->","yoast_head_json":{"title":"Maintenance Page - Groupe SENGES","robots":{"index":"index","follow":"follow","max-snippet":"max-snippet:-1","max-image-preview":"max-image-preview:large","max-video-preview":"max-video-preview:-1"},"canonical":"https:\/\/wg-logistique.fr\/","og_locale":"fr_FR","og_type":"article","og_title":"Maintenance Page - Groupe SENGES","og_description":"La refonte du site est en cours...Merci de revenir plus tard ! Pourquoi ne puis-je pas acc\u00e9der au site ?Actuellement, nous sommes en train de faire tout notre possible pour am\u00e9liorer le site internet du Groupe SENGES. Nous avons h\u00e2te de vous montrer la nouvelle version ! Quand sera-t-il disponible ?La nouvelle version du site [&hellip;]","og_url":"https:\/\/wg-logistique.fr\/","og_site_name":"Groupe SENGES","article_modified_time":"2022-12-20T13:18:32+00:00","og_image":[{"width":2560,"height":1920,"url":"https:\/\/wg-logistique.fr\/wp-content\/uploads\/2022\/07\/milad-fakurian-GJKx5lhwU3M-unsplash-scaled.jpg","type":"image\/jpeg"}],"twitter_card":"summary_large_image","twitter_misc":{"Dur\u00e9e de lecture estim\u00e9e":"1 minute"},"schema":{"@context":"https:\/\/schema.org","@graph":[{"@type":"Organization","@id":"http:\/\/wg-logistique.fr\/#organization","name":"Groupe SENGES","url":"http:\/\/wg-logistique.fr\/","sameAs":["https:\/\/www.linkedin.com\/company\/42885509\/"],"logo":{"@type":"ImageObject","inLanguage":"fr-FR","@id":"http:\/\/wg-logistique.fr\/#\/schema\/logo\/image\/","url":"http:\/\/wg-logistique.fr\/wp-content\/uploads\/2020\/11\/LOGO-HEADER_Plan-de-travail-1.png","contentUrl":"http:\/\/wg-logistique.fr\/wp-content\/uploads\/2020\/11\/LOGO-HEADER_Plan-de-travail-1.png","width":150,"height":48,"caption":"Groupe SENGES"},"image":{"@id":"http:\/\/wg-logistique.fr\/#\/schema\/logo\/image\/"}},{"@type":"WebSite","@id":"http:\/\/wg-logistique.fr\/#website","url":"http:\/\/wg-logistique.fr\/","name":"Groupe SENGES","description":"WG Logistique","publisher":{"@id":"http:\/\/wg-logistique.fr\/#organization"},"potentialAction":[{"@type":"SearchAction","target":{"@type":"EntryPoint","urlTemplate":"http:\/\/wg-logistique.fr\/?s={search_term_string}"},"query-input":"required name=search_term_string"}],"inLanguage":"fr-FR"},{"@type":"ImageObject","inLanguage":"fr-FR","@id":"https:\/\/wg-logistique.fr\/#primaryimage","url":"http:\/\/wg-logistique.fr\/wp-content\/uploads\/2022\/07\/milad-fakurian-GJKx5lhwU3M-unsplash-scaled.jpg","contentUrl":"http:\/\/wg-logistique.fr\/wp-content\/uploads\/2022\/07\/milad-fakurian-GJKx5lhwU3M-unsplash-scaled.jpg","width":2560,"height":1920,"caption":"\"SENGES\""},{"@type":"WebPage","@id":"https:\/\/wg-logistique.fr\/","url":"https:\/\/wg-logistique.fr\/","name":"Maintenance Page - Groupe SENGES","isPartOf":{"@id":"http:\/\/wg-logistique.fr\/#website"},"primaryImageOfPage":{"@id":"https:\/\/wg-logistique.fr\/#primaryimage"},"datePublished":"2015-08-10T11:12:26+00:00","dateModified":"2022-12-20T13:18:32+00:00","breadcrumb":{"@id":"https:\/\/wg-logistique.fr\/#breadcrumb"},"inLanguage":"fr-FR","potentialAction":[{"@type":"ReadAction","target":["https:\/\/wg-logistique.fr\/"]}]},{"@type":"BreadcrumbList","@id":"https:\/\/wg-logistique.fr\/#breadcrumb","itemListElement":[{"@type":"ListItem","position":1,"name":"Accueil","item":"https:\/\/wg-logistique.fr\/"},{"@type":"ListItem","position":2,"name":"Maintenance Page"}]}]}},"_links":{"self":[{"href":"http:\/\/wg-logistique.fr\/index.php\/wp-json\/wp\/v2\/pages\/122"}],"collection":[{"href":"http:\/\/wg-logistique.fr\/index.php\/wp-json\/wp\/v2\/pages"}],"about":[{"href":"http:\/\/wg-logistique.fr\/index.php\/wp-json\/wp\/v2\/types\/page"}],"author":[{"embeddable":true,"href":"http:\/\/wg-logistique.fr\/index.php\/wp-json\/wp\/v2\/users\/1"}],"replies":[{"embeddable":true,"href":"http:\/\/wg-logistique.fr\/index.php\/wp-json\/wp\/v2\/comments?post=122"}],"version-history":[{"count":3,"href":"http:\/\/wg-logistique.fr\/index.php\/wp-json\/wp\/v2\/pages\/122\/revisions"}],"predecessor-version":[{"id":17593,"href":"http:\/\/wg-logistique.fr\/index.php\/wp-json\/wp\/v2\/pages\/122\/revisions\/17593"}],"wp:featuredmedia":[{"embeddable":true,"href":"http:\/\/wg-logistique.fr\/index.php\/wp-json\/wp\/v2\/media\/17576"}],"wp:attachment":[{"href":"http:\/\/wg-logistique.fr\/index.php\/wp-json\/wp\/v2\/media?parent=122"}],"curies":[{"name":"wp","href":"https:\/\/api.w.org\/{rel}","templated":true}]}}